{"id":3,"date":"2024-08-26T16:40:44","date_gmt":"2024-08-26T16:40:44","guid":{"rendered":"https:\/\/harasdelalosquette.bndhost.co.uk\/?page_id=3"},"modified":"2025-02-11T18:37:01","modified_gmt":"2025-02-11T18:37:01","slug":"privacy-policy","status":"publish","type":"page","link":"https:\/\/harasdelalosquette.com\/fr\/privacy-policy\/","title":{"rendered":"Politique de confidentialit\u00e9"},"content":{"rendered":"<h2 class=\"wp-block-heading\"><strong>1-<\/strong>&nbsp;<strong>L\u2019identit\u00e9 de l\u2019\u00e9diteur :<\/strong><\/h2>\n\n\n\n<p>EXPLOITATION AGRICOLE A RESPONSABILITE LIMITEE DU HARAS DE LA LOSQUETTE, exploitation agricole \u00e0 responsabilit\u00e9 limit\u00e9e au capital social de 10000 \u20ac, dont le si\u00e8ge social est situ\u00e9 au LA MERIENNERIE LES CHAMPS DE LOSQUE 50620 REMILLY LES MARAIS, immatricul\u00e9e au Registre du Commerce et des Soci\u00e9t\u00e9s de Coutances sous le num\u00e9ro 911 507 952, repr\u00e9sent\u00e9e par Mme Jodie Seddon agissant et ayant les pouvoirs n\u00e9cessaires en tant que g\u00e9rant.<\/p>\n\n\n\n<p>Email: jodie@losquette.com \/\/ Portable: 06.76.90.63.45<\/p>\n\n\n\n<p><strong>2. L\u2019identit\u00e9 de l\u2019h\u00e9bergeur :<\/strong><\/p>\n\n\n\n<ul class=\"wp-block-list\">\n<li>Black Nova Designs Limited<\/li>\n\n\n\n<li>Numero de registration: 07982781<\/li>\n\n\n\n<li>Adresse: Redman Road, Calne, SN11 9PL UK<\/li>\n<\/ul>\n\n\n\n<p><strong>Les coordonn\u00e9es de l\u2019h\u00e9bergeur<\/strong>\u00a0: sales@blacknovadesigns.co.uk \/\/ +44.1793.210045<\/p>\n\n\n\n<p><strong>L\u2019identit\u00e9 du directeur de la publication : <\/strong><\/p>\n\n\n\n<ul class=\"wp-block-list\">\n<li>SEDDON Jodie <\/li>\n\n\n\n<li>Gerant<\/li>\n<\/ul>\n\n\n\n<p><strong>Les coordonn\u00e9es du directeur de la publication<\/strong>\u00a0: jodie@losquette.com \/\/ 06.76.90.63.45 <\/p>","protected":false},"excerpt":{"rendered":"<p>1-&nbsp;L\u2019identit\u00e9 de l\u2019\u00e9diteur : EXPLOITATION AGRICOLE A RESPONSABILITE LIMITEE DU HARAS DE LA LOSQUETTE, exploitation agricole \u00e0 responsabilit\u00e9 limit\u00e9e au capital social de 10000 \u20ac, dont le si\u00e8ge social est situ\u00e9 au LA MERIENNERIE LES CHAMPS DE LOSQUE 50620 REMILLY LES MARAIS, immatricul\u00e9e au Registre du Commerce et des Soci\u00e9t\u00e9s de Coutances sous le num\u00e9ro [&hellip;]<\/p>","protected":false},"author":1,"featured_media":0,"parent":0,"menu_order":0,"comment_status":"closed","ping_status":"open","template":"","meta":{"_kad_blocks_custom_css":"","_kad_blocks_head_custom_js":"","_kad_blocks_body_custom_js":"","_kad_blocks_footer_custom_js":"","footnotes":""},"class_list":["post-3","page","type-page","status-publish","hentry"],"yoast_head":"<!-- This site is optimized with the Yoast SEO plugin v24.8.1 - https:\/\/yoast.com\/wordpress\/plugins\/seo\/ -->\n<title>Privacy Policy - Haras De La Losquette<\/title>\n<meta name=\"robots\" content=\"index, follow, max-snippet:-1, max-image-preview:large, max-video-preview:-1\" \/>\n<link rel=\"canonical\" href=\"https:\/\/harasdelalosquette.com\/fr\/privacy-policy\/\" \/>\n<meta property=\"og:locale\" content=\"fr_FR\" \/>\n<meta property=\"og:type\" content=\"article\" \/>\n<meta property=\"og:title\" content=\"Privacy Policy - Haras De La Losquette\" \/>\n<meta property=\"og:description\" content=\"1-&nbsp;L\u2019identit\u00e9 de l\u2019\u00e9diteur : EXPLOITATION AGRICOLE A RESPONSABILITE LIMITEE DU HARAS DE LA LOSQUETTE, exploitation agricole \u00e0 responsabilit\u00e9 limit\u00e9e au capital social de 10000 \u20ac, dont le si\u00e8ge social est situ\u00e9 au LA MERIENNERIE LES CHAMPS DE LOSQUE 50620 REMILLY LES MARAIS, immatricul\u00e9e au Registre du Commerce et des Soci\u00e9t\u00e9s de Coutances sous le num\u00e9ro [&hellip;]\" \/>\n<meta property=\"og:url\" content=\"https:\/\/harasdelalosquette.com\/fr\/privacy-policy\/\" \/>\n<meta property=\"og:site_name\" content=\"Haras De La Losquette\" \/>\n<meta property=\"article:modified_time\" content=\"2025-02-11T18:37:01+00:00\" \/>\n<meta name=\"twitter:card\" content=\"summary_large_image\" \/>\n<meta name=\"twitter:label1\" content=\"Dur\u00e9e de lecture estim\u00e9e\" \/>\n\t<meta name=\"twitter:data1\" content=\"1 minute\" \/>\n<script type=\"application\/ld+json\" class=\"yoast-schema-graph\">{\"@context\":\"https:\/\/schema.org\",\"@graph\":[{\"@type\":\"WebPage\",\"@id\":\"https:\/\/harasdelalosquette.com\/privacy-policy\/\",\"url\":\"https:\/\/harasdelalosquette.com\/privacy-policy\/\",\"name\":\"Privacy Policy - Haras De La Losquette\",\"isPartOf\":{\"@id\":\"https:\/\/harasdelalosquette.com\/#website\"},\"datePublished\":\"2024-08-26T16:40:44+00:00\",\"dateModified\":\"2025-02-11T18:37:01+00:00\",\"breadcrumb\":{\"@id\":\"https:\/\/harasdelalosquette.com\/privacy-policy\/#breadcrumb\"},\"inLanguage\":\"fr-FR\",\"potentialAction\":[{\"@type\":\"ReadAction\",\"target\":[\"https:\/\/harasdelalosquette.com\/privacy-policy\/\"]}]},{\"@type\":\"BreadcrumbList\",\"@id\":\"https:\/\/harasdelalosquette.com\/privacy-policy\/#breadcrumb\",\"itemListElement\":[{\"@type\":\"ListItem\",\"position\":1,\"name\":\"Home\",\"item\":\"https:\/\/harasdelalosquette.com\/\"},{\"@type\":\"ListItem\",\"position\":2,\"name\":\"Privacy Policy\"}]},{\"@type\":\"WebSite\",\"@id\":\"https:\/\/harasdelalosquette.com\/#website\",\"url\":\"https:\/\/harasdelalosquette.com\/\",\"name\":\"Haras De La Losquette\",\"description\":\"\",\"publisher\":{\"@id\":\"https:\/\/harasdelalosquette.com\/#organization\"},\"potentialAction\":[{\"@type\":\"SearchAction\",\"target\":{\"@type\":\"EntryPoint\",\"urlTemplate\":\"https:\/\/harasdelalosquette.com\/?s={search_term_string}\"},\"query-input\":{\"@type\":\"PropertyValueSpecification\",\"valueRequired\":true,\"valueName\":\"search_term_string\"}}],\"inLanguage\":\"fr-FR\"},{\"@type\":\"Organization\",\"@id\":\"https:\/\/harasdelalosquette.com\/#organization\",\"name\":\"Haras De La Losquette\",\"url\":\"https:\/\/harasdelalosquette.com\/\",\"logo\":{\"@type\":\"ImageObject\",\"inLanguage\":\"fr-FR\",\"@id\":\"https:\/\/harasdelalosquette.com\/#\/schema\/logo\/image\/\",\"url\":\"https:\/\/harasdelalosquette.com\/wp-content\/uploads\/2024\/08\/HDLL-GOLD-TRANSPARENT-e1724756556318.png\",\"contentUrl\":\"https:\/\/harasdelalosquette.com\/wp-content\/uploads\/2024\/08\/HDLL-GOLD-TRANSPARENT-e1724756556318.png\",\"width\":849,\"height\":849,\"caption\":\"Haras De La Losquette\"},\"image\":{\"@id\":\"https:\/\/harasdelalosquette.com\/#\/schema\/logo\/image\/\"}}]}<\/script>\n<!-- \/ Yoast SEO plugin. -->","yoast_head_json":{"title":"Privacy Policy - Haras De La Losquette","robots":{"index":"index","follow":"follow","max-snippet":"max-snippet:-1","max-image-preview":"max-image-preview:large","max-video-preview":"max-video-preview:-1"},"canonical":"https:\/\/harasdelalosquette.com\/fr\/privacy-policy\/","og_locale":"fr_FR","og_type":"article","og_title":"Privacy Policy - Haras De La Losquette","og_description":"1-&nbsp;L\u2019identit\u00e9 de l\u2019\u00e9diteur : EXPLOITATION AGRICOLE A RESPONSABILITE LIMITEE DU HARAS DE LA LOSQUETTE, exploitation agricole \u00e0 responsabilit\u00e9 limit\u00e9e au capital social de 10000 \u20ac, dont le si\u00e8ge social est situ\u00e9 au LA MERIENNERIE LES CHAMPS DE LOSQUE 50620 REMILLY LES MARAIS, immatricul\u00e9e au Registre du Commerce et des Soci\u00e9t\u00e9s de Coutances sous le num\u00e9ro [&hellip;]","og_url":"https:\/\/harasdelalosquette.com\/fr\/privacy-policy\/","og_site_name":"Haras De La Losquette","article_modified_time":"2025-02-11T18:37:01+00:00","twitter_card":"summary_large_image","twitter_misc":{"Dur\u00e9e de lecture estim\u00e9e":"1 minute"},"schema":{"@context":"https:\/\/schema.org","@graph":[{"@type":"WebPage","@id":"https:\/\/harasdelalosquette.com\/privacy-policy\/","url":"https:\/\/harasdelalosquette.com\/privacy-policy\/","name":"Privacy Policy - Haras De La Losquette","isPartOf":{"@id":"https:\/\/harasdelalosquette.com\/#website"},"datePublished":"2024-08-26T16:40:44+00:00","dateModified":"2025-02-11T18:37:01+00:00","breadcrumb":{"@id":"https:\/\/harasdelalosquette.com\/privacy-policy\/#breadcrumb"},"inLanguage":"fr-FR","potentialAction":[{"@type":"ReadAction","target":["https:\/\/harasdelalosquette.com\/privacy-policy\/"]}]},{"@type":"BreadcrumbList","@id":"https:\/\/harasdelalosquette.com\/privacy-policy\/#breadcrumb","itemListElement":[{"@type":"ListItem","position":1,"name":"Home","item":"https:\/\/harasdelalosquette.com\/"},{"@type":"ListItem","position":2,"name":"Privacy Policy"}]},{"@type":"WebSite","@id":"https:\/\/harasdelalosquette.com\/#website","url":"https:\/\/harasdelalosquette.com\/","name":"Haras De La Losquette","description":"","publisher":{"@id":"https:\/\/harasdelalosquette.com\/#organization"},"potentialAction":[{"@type":"SearchAction","target":{"@type":"EntryPoint","urlTemplate":"https:\/\/harasdelalosquette.com\/?s={search_term_string}"},"query-input":{"@type":"PropertyValueSpecification","valueRequired":true,"valueName":"search_term_string"}}],"inLanguage":"fr-FR"},{"@type":"Organization","@id":"https:\/\/harasdelalosquette.com\/#organization","name":"Haras De La Losquette","url":"https:\/\/harasdelalosquette.com\/","logo":{"@type":"ImageObject","inLanguage":"fr-FR","@id":"https:\/\/harasdelalosquette.com\/#\/schema\/logo\/image\/","url":"https:\/\/harasdelalosquette.com\/wp-content\/uploads\/2024\/08\/HDLL-GOLD-TRANSPARENT-e1724756556318.png","contentUrl":"https:\/\/harasdelalosquette.com\/wp-content\/uploads\/2024\/08\/HDLL-GOLD-TRANSPARENT-e1724756556318.png","width":849,"height":849,"caption":"Haras De La Losquette"},"image":{"@id":"https:\/\/harasdelalosquette.com\/#\/schema\/logo\/image\/"}}]}},"taxonomy_info":[],"featured_image_src_large":false,"author_info":{"display_name":"admin","author_link":"https:\/\/harasdelalosquette.com\/fr\/author\/admin_71rwcvpw\/"},"comment_info":0,"_links":{"self":[{"href":"https:\/\/harasdelalosquette.com\/fr\/wp-json\/wp\/v2\/pages\/3","targetHints":{"allow":["GET"]}}],"collection":[{"href":"https:\/\/harasdelalosquette.com\/fr\/wp-json\/wp\/v2\/pages"}],"about":[{"href":"https:\/\/harasdelalosquette.com\/fr\/wp-json\/wp\/v2\/types\/page"}],"author":[{"embeddable":true,"href":"https:\/\/harasdelalosquette.com\/fr\/wp-json\/wp\/v2\/users\/1"}],"replies":[{"embeddable":true,"href":"https:\/\/harasdelalosquette.com\/fr\/wp-json\/wp\/v2\/comments?post=3"}],"version-history":[{"count":2,"href":"https:\/\/harasdelalosquette.com\/fr\/wp-json\/wp\/v2\/pages\/3\/revisions"}],"predecessor-version":[{"id":695,"href":"https:\/\/harasdelalosquette.com\/fr\/wp-json\/wp\/v2\/pages\/3\/revisions\/695"}],"wp:attachment":[{"href":"https:\/\/harasdelalosquette.com\/fr\/wp-json\/wp\/v2\/media?parent=3"}],"curies":[{"name":"wp","href":"https:\/\/api.w.org\/{rel}","templated":true}]}}