{"id":34,"date":"2024-08-27T10:48:53","date_gmt":"2024-08-27T10:48:53","guid":{"rendered":"https:\/\/harasdelalosquette.bndhost.co.uk\/?page_id=34"},"modified":"2025-03-17T14:14:36","modified_gmt":"2025-03-17T14:14:36","slug":"home","status":"publish","type":"page","link":"https:\/\/harasdelalosquette.com\/fr\/","title":{"rendered":"ACCUEIL"},"content":{"rendered":"<div style=\"min-height:680px;background-image:inherit;background-size: cover;background-position: center;background-repeat: no-repeat;aspect-ratio:unset;\" class=\"wp-block-bnd-blocks-bnd-header-banner lazyload\" data-bg-image=\"url(&amp;apos;https:\/\/harasdelalosquette.com\/wp-content\/uploads\/2024\/08\/a1-2-scaled.jpg&amp;apos;)\">\r\n  \n<div class=\"wp-block-bnd-blocks-bnd-header-banner\" style=\"min-height:680px\"><\/div>\n \r\n<\/div>\n\n<div class=\"kb-row-layout-wrap kb-row-layout-id34_fa722b-5d alignnone has-custom-dark-scarlet-background-color kt-row-has-bg wp-block-kadence-rowlayout\"><div class=\"kt-row-column-wrap kt-has-2-columns kt-row-layout-row kt-tab-layout-row kt-mobile-layout-row kt-row-valign-top\">\n\n<div class=\"wp-block-kadence-column kadence-column34_5af5ad-5f\"><div class=\"kt-inside-inner-col\">\n<h1 class=\"kt-adv-heading34_e50e1f-b6 wp-block-kadence-advancedheading has-custom-gold-color has-text-color\" data-kb-block=\"kb-adv-heading34_e50e1f-b6\">haras de la losquette<\/h1>\n<\/div><\/div>\n\n\n\n<div class=\"wp-block-kadence-column kadence-column34_7a4877-56\"><div class=\"kt-inside-inner-col\"><div class=\"logo-hidden wp-block-site-logo\"><a href=\"https:\/\/harasdelalosquette.com\/fr\/\" class=\"custom-logo-link\" rel=\"home\"><img decoding=\"async\" width=\"120\" height=\"120\" data-src=\"https:\/\/harasdelalosquette.com\/wp-content\/uploads\/2024\/08\/HDLL-GOLD-TRANSPARENT-e1724756556318.png\" class=\"custom-logo lazyload\" alt=\"Haras De La Losquette\" data-srcset=\"https:\/\/harasdelalosquette.com\/wp-content\/uploads\/2024\/08\/HDLL-GOLD-TRANSPARENT-e1724756556318.png 849w, https:\/\/harasdelalosquette.com\/wp-content\/uploads\/2024\/08\/HDLL-GOLD-TRANSPARENT-e1724756556318-300x300.png 300w, https:\/\/harasdelalosquette.com\/wp-content\/uploads\/2024\/08\/HDLL-GOLD-TRANSPARENT-e1724756556318-150x150.png 150w, https:\/\/harasdelalosquette.com\/wp-content\/uploads\/2024\/08\/HDLL-GOLD-TRANSPARENT-e1724756556318-768x768.png 768w\" data-sizes=\"(max-width: 120px) 100vw, 120px\" src=\"data:image\/gif;base64,R0lGODlhAQABAAAAACH5BAEKAAEALAAAAAABAAEAAAICTAEAOw==\" style=\"--smush-placeholder-width: 120px; --smush-placeholder-aspect-ratio: 120\/120;\" \/><\/a><\/div><\/div><\/div>\n\n<\/div><\/div>\n\n<div class=\"kb-row-layout-wrap kb-row-layout-id34_89622e-84 alignnone has-custom-gray-background-color kt-row-has-bg wp-block-kadence-rowlayout\"><div class=\"kt-row-column-wrap kt-has-2-columns kt-row-layout-equal kt-tab-layout-row kt-mobile-layout-row kt-row-valign-top\">\n\n<div class=\"wp-block-kadence-column kadence-column34_339b9d-0d\"><div class=\"kt-inside-inner-col\"><\/div><\/div>\n\n\n\n<div class=\"wp-block-kadence-column kadence-column34_0a5541-b0\"><div class=\"kt-inside-inner-col\"><div class=\"kb-row-layout-wrap kb-row-layout-id34_588c3e-aa alignnone wp-block-kadence-rowlayout\"><div class=\"kt-row-column-wrap kt-has-1-columns kt-row-layout-equal kt-tab-layout-inherit kt-mobile-layout-row kt-row-valign-top\">\n\n<div class=\"wp-block-kadence-column kadence-column34_145e1a-3f\"><div class=\"kt-inside-inner-col\">\n<h2 class=\"kt-adv-heading34_7ef8ff-bb wp-block-kadence-advancedheading\" data-kb-block=\"kb-adv-heading34_7ef8ff-bb\">JODIE SEDDON ET ATTE DE JONG<\/h2>\n\n\n\n<p class=\"justify-text\" style=\"margin-top:0px;margin-bottom:0px\">Jodie et Atte sont bas\u00e9s en Normandie depuis d\u00e9cembre 2021. Ils se concentrent sur l'\u00e9levage et la valorisation de chevaux de sport modernes en utilisant une large combinaison de lign\u00e9es europ\u00e9ennes s\u00e9lectionn\u00e9es. &nbsp;<\/p>\n\n\n\n<p><\/p>\n\n\n\n<p>Ils travaillent avec un petit nombre de poulini\u00e8res, qui ont toutes fait carri\u00e8re dans le sport avec Jodie. Ils ont utilis\u00e9 une large gamme d'\u00e9talons fran\u00e7ais, n\u00e9erlandais et belges dans le cadre de leur programme d'\u00e9levage ; la premi\u00e8re prog\u00e9niture aura six ans en 2025.<\/p>\n\n\n\n<p>Jodie has trained and competed many sport horses successfully up to CCI4*L eventing and CSI3*\/1.40 showjumping. In the UK she trained extensively with Ian Woodhead (Team GB eventing dressage coach) and Nigel Taylor (Team GB eventing selector).<\/p>\n\n\n\n<p>Son temps est d\u00e9sormais partag\u00e9 entre la valorisation de jeunes chevaux, et sa carri\u00e8re juridique : Jodie dirige \u00e9galement Aria Grace Equine Law, travaillant \u00e0 distance pour conseiller un large \u00e9ventail de clients bas\u00e9s au Royaume-Uni et \u00e0 l'\u00e9tranger dans le secteur \u00e9questre.<\/p>\n\n\n\n<p class=\"justify-text\" style=\"margin-top:0px;margin-bottom:0px\">La majorit\u00e9 des chevaux du Haras de la Losquette sont disponibles \u00e0 l'achat, et Atte et Jodie sont toujours heureux de discuter des correspondances appropri\u00e9es. En plus de produire leurs propres chevaux pour la comp\u00e9tition et la vente, ils sont heureux de prendre des chevaux pour valoriser pour des propri\u00e9taires, et d'offrir une formation et une base europ\u00e9enne \u00e0 d'autres cavaliers.<\/p>\n<\/div><\/div>\n\n<\/div><\/div><\/div><\/div>\n\n<\/div><\/div>\n\n<div class=\"kb-row-layout-wrap kb-row-layout-id34_83029d-56 alignnone has-custom-dark-scarlet-background-color kt-row-has-bg wp-block-kadence-rowlayout\"><div class=\"kt-row-column-wrap kt-has-1-columns kt-row-layout-equal kt-tab-layout-inherit kt-mobile-layout-row kt-row-valign-top\">\n\n<div class=\"wp-block-kadence-column kadence-column34_df442c-50\"><div class=\"kt-inside-inner-col\"><\/div><\/div>\n\n<\/div><\/div>\n\n<div class=\"kb-row-layout-wrap kb-row-layout-id34_369b4a-e4 alignnone has-custom-gray-background-color kt-row-has-bg wp-block-kadence-rowlayout\"><div class=\"kt-row-column-wrap kt-has-2-columns kt-row-layout-equal kt-tab-layout-row kt-mobile-layout-row kt-row-valign-top\">\n\n<div class=\"wp-block-kadence-column kadence-column34_8af017-bb\"><div class=\"kt-inside-inner-col\"><div class=\"kb-row-layout-wrap kb-row-layout-id34_4deb6e-4a alignnone wp-block-kadence-rowlayout\"><div class=\"kt-row-column-wrap kt-has-1-columns kt-row-layout-equal kt-tab-layout-inherit kt-mobile-layout-row kt-row-valign-top\">\n\n<div class=\"wp-block-kadence-column kadence-column34_3feefb-b2\"><div class=\"kt-inside-inner-col\">\n<h2 class=\"kt-adv-heading34_e8c0aa-d5 wp-block-kadence-advancedheading\" data-kb-block=\"kb-adv-heading34_e8c0aa-d5\"> HARAS DE LA LOSQUETTE <\/h2>\n\n\n\n<p class=\"justify-text\" style=\"margin-top:0px;margin-bottom:0px\">Le Haras de la Losquette est situ\u00e9 pr\u00e8s de Saint L\u00f4, en Normandie, \u00e0 proximit\u00e9 imm\u00e9diate des liaisons maritimes et ferroviaires internationales, et de nombreux centres de concours nationaux et internationaux tels que Saint L\u00f4, Deauville, Auvers et le Haras du Pin.<\/p>\n\n\n\n<p>Les installations r\u00e9nov\u00e9es comprennent :<\/p>\n\n\n\n<ul class=\"wp-block-list\">\n<li>Piste Equi-P \"ebb and flow\" 60x45<\/li>\n\n\n\n<li>Parcours de sauts d'obstacles<\/li>\n\n\n\n<li>Rond d'avrincourt Equi-P \"ebb and flow\" 16x32<\/li>\n\n\n\n<li>Manege Equi-P \"ebb and flow\" 17x42<\/li>\n\n\n\n<li>19 x boxes de chevaux de sport<\/li>\n\n\n\n<li>3 x boxes de poulinage<\/li>\n\n\n\n<li>Stockages pour jeunes chevaux<\/li>\n\n\n\n<li>3 paddocks en sable<\/li>\n\n\n\n<li>20 hectares de p\u00e2turage<\/li>\n<\/ul>\n\n\n\n<p class=\"justify-text\" style=\"margin-top:0px;margin-bottom:0px\">Pour les visiteurs de la r\u00e9gion, un h\u00e9bergement ind\u00e9pendant est \u00e9galement disponible sur place au g\u00eete \u00ab La Meriennerie \u00bb, avec trois grandes chambres doubles et un vaste espace de vie ouvert.<\/p>\n<\/div><\/div>\n\n<\/div><\/div><\/div><\/div>\n\n\n\n<div class=\"wp-block-kadence-column kadence-column34_a38b54-b8\"><div class=\"kt-inside-inner-col\"><\/div><\/div>\n\n<\/div><\/div>\n\n<div class=\"kb-row-layout-wrap kb-row-layout-id34_386cfc-5f alignnone has-custom-dark-scarlet-background-color kt-row-has-bg wp-block-kadence-rowlayout\"><div class=\"kt-row-column-wrap kt-has-1-columns kt-row-layout-equal kt-tab-layout-inherit kt-mobile-layout-row kt-row-valign-top\">\n\n<div class=\"wp-block-kadence-column kadence-column34_e7bc0d-b4\"><div class=\"kt-inside-inner-col\">\n<h2 class=\"kt-adv-heading34_1db53d-40 wp-block-kadence-advancedheading has-custom-gold-color has-text-color\" data-kb-block=\"kb-adv-heading34_1db53d-40\">Trouvez nous<\/h2>\n\n\n\n<div class=\"wp-block-kadence-iconlist kt-svg-icon-list-items kt-svg-icon-list-items34_d146a1-bb kt-svg-icon-list-columns-1 alignnone list\"><ul class=\"kt-svg-icon-list\">\n<li class=\"wp-block-kadence-listitem kt-svg-icon-list-item-wrap kt-svg-icon-list-item-34_df7241-a8\"><div class=\"kt-svg-icon-list-single\" style=\"display: inline-flex; justify-content: center; align-items: center;\"><svg viewbox=\"0 0 24 24\" height=\"1em\" width=\"1em\" fill=\"none\" stroke=\"currentColor\" xmlns=\"http:\/\/www.w3.org\/2000\/svg\" style=\"display: inline-block; vertical-align: middle;\"><\/svg><\/div><span class=\"kt-svg-icon-list-text\">EARL Haras de la Losquette<\/span><\/li>\n\n\n\n<li class=\"wp-block-kadence-listitem kt-svg-icon-list-item-wrap kt-svg-icon-list-item-34_c189bb-ba\"><span class=\"kb-svg-icon-wrap kb-svg-icon-ic_record kt-svg-icon-list-single\"><svg viewbox=\"0 0 8 8\"  fill=\"currentColor\" xmlns=\"http:\/\/www.w3.org\/2000\/svg\"  aria-hidden=\"true\"><path d=\"M3 0c-1.66 0-3 1.34-3 3s1.34 3 3 3 3-1.34 3-3-1.34-3-3-3z\" transform=\"translate(1 1)\"\/><\/svg><\/span><span class=\"kt-svg-icon-list-text\">2592 Rue du Bois des Landes<\/span><\/li>\n\n\n\n<li class=\"wp-block-kadence-listitem kt-svg-icon-list-item-wrap kt-svg-icon-list-item-34_bf7599-02\"><span class=\"kb-svg-icon-wrap kb-svg-icon-ic_record kt-svg-icon-list-single\"><svg viewbox=\"0 0 8 8\"  fill=\"currentColor\" xmlns=\"http:\/\/www.w3.org\/2000\/svg\"  aria-hidden=\"true\"><path d=\"M3 0c-1.66 0-3 1.34-3 3s1.34 3 3 3 3-1.34 3-3-1.34-3-3-3z\" transform=\"translate(1 1)\"\/><\/svg><\/span><span class=\"kt-svg-icon-list-text\">50620 Les Champs de Losque<\/span><\/li>\n\n\n\n<li class=\"wp-block-kadence-listitem kt-svg-icon-list-item-wrap kt-svg-icon-list-item-34_210a3d-6f\"><span class=\"kb-svg-icon-wrap kb-svg-icon-ic_record kt-svg-icon-list-single\"><svg viewbox=\"0 0 8 8\"  fill=\"currentColor\" xmlns=\"http:\/\/www.w3.org\/2000\/svg\"  aria-hidden=\"true\"><path d=\"M3 0c-1.66 0-3 1.34-3 3s1.34 3 3 3 3-1.34 3-3-1.34-3-3-3z\" transform=\"translate(1 1)\"\/><\/svg><\/span><span class=\"kt-svg-icon-list-text\">France<\/span><\/li>\n<\/ul><\/div>\n\n\n\n<div class=\"wp-block-kadence-advancedbtn kb-buttons-wrap kb-btns34_5779a2-53\"><a class=\"kb-button kt-button button kb-btn34_dfa06a-b5 kt-btn-size-standard kt-btn-width-type-auto kb-btn-global-inherit kt-btn-has-text-true kt-btn-has-svg-false wp-block-button__link fancy-button wp-block-kadence-singlebtn\" href=\"https:\/\/harasdelalosquette.com\/fr\/contact\/\"><span class=\"kt-btn-inner-text\">Contactez-nous<\/span><\/a><\/div>\n<\/div><\/div>\n\n<\/div><\/div>\n\n<div class=\"kb-google-maps-container kb-google-maps-container34_b55a9d-23  wp-block-kadence-googlemaps\" data-mapid=\"34_b55a9d23\"><iframe width=\"100%\" height=\"100%\"\n\t\t\t\t\t\t\tstyle=\"border:0\"\n\t\t\t\t\t\t\tdata-src=\"https:\/\/www.google.com\/maps\/embed\/v1\/place?key=AIzaSyBAM2o7PiQqwk15LC1XRH2e_KJ-jUa7KYk&#038;zoom=12&#038;maptype=roadmap&#038;q=Haras+de+la+Losquette%2C+La+Mariennerie%2C+50620%2C+France\"\n\t\t\t\t\t\t\ttitle=\"Carte Google de Haras de la Losquette, La Mariennerie, 50620, France\" src=\"data:image\/gif;base64,R0lGODlhAQABAAAAACH5BAEKAAEALAAAAAABAAEAAAICTAEAOw==\" class=\"lazyload\" data-load-mode=\"1\"><\/iframe><\/div><script>function kb_google_map34_b55a9d23() { let center = { lat: 37.8201, lng: -122.4781}; let map = new google.maps.Map(document.getElementById(\"kb-google-map34_b55a9d23\"), {\n\t\t\t\t\t    zoom: 12,\n\t\t\t\t\t    center: center,});let marker = new google.maps.Marker({   position: { lat: 37.8201, lng: -122.4781},    map: map,  });}<\/script>","protected":false},"excerpt":{"rendered":"<p>haras de la losquette JODIE SEDDON AND ATTE DE JONG Jodie and Atte have been based in Normandy since December 2021. Their focus is on breeding and producing modern sport horses using a broad combination of selected European bloodlines. &nbsp; They work with a small number of broodmares, all of whom had a career in [&hellip;]<\/p>","protected":false},"author":1,"featured_media":0,"parent":0,"menu_order":0,"comment_status":"closed","ping_status":"closed","template":"","meta":{"_kad_blocks_custom_css":"","_kad_blocks_head_custom_js":"","_kad_blocks_body_custom_js":"","_kad_blocks_footer_custom_js":"","footnotes":""},"class_list":["post-34","page","type-page","status-publish","hentry"],"yoast_head":"<!-- This site is optimized with the Yoast SEO plugin v24.8.1 - https:\/\/yoast.com\/wordpress\/plugins\/seo\/ -->\n<title>Home: Haras De La Losquette - Sport Horses<\/title>\n<meta name=\"description\" content=\"Sport Horses from Haras de la Losquette, with focus on breeding modern sport horses using a combination of selected European bloodlines. \u00a0\" \/>\n<meta name=\"robots\" content=\"index, follow, max-snippet:-1, max-image-preview:large, max-video-preview:-1\" \/>\n<link rel=\"canonical\" href=\"https:\/\/harasdelalosquette.com\/fr\/\" \/>\n<meta property=\"og:locale\" content=\"fr_FR\" \/>\n<meta property=\"og:type\" content=\"article\" \/>\n<meta property=\"og:title\" content=\"Home: Haras De La Losquette - Sport Horses\" \/>\n<meta property=\"og:description\" content=\"Sport Horses from Haras de la Losquette, with focus on breeding modern sport horses using a combination of selected European bloodlines. \u00a0\" \/>\n<meta property=\"og:url\" content=\"https:\/\/harasdelalosquette.com\/fr\/\" \/>\n<meta property=\"og:site_name\" content=\"Haras De La Losquette\" \/>\n<meta property=\"article:modified_time\" content=\"2025-03-17T14:14:36+00:00\" \/>\n<meta name=\"twitter:card\" content=\"summary_large_image\" \/>\n<meta name=\"twitter:label1\" content=\"Dur\u00e9e de lecture estim\u00e9e\" \/>\n\t<meta name=\"twitter:data1\" content=\"2 minutes\" \/>\n<script type=\"application\/ld+json\" class=\"yoast-schema-graph\">{\"@context\":\"https:\/\/schema.org\",\"@graph\":[{\"@type\":\"WebPage\",\"@id\":\"https:\/\/harasdelalosquette.com\/\",\"url\":\"https:\/\/harasdelalosquette.com\/\",\"name\":\"Home: Haras De La Losquette - Sport Horses\",\"isPartOf\":{\"@id\":\"https:\/\/harasdelalosquette.com\/#website\"},\"datePublished\":\"2024-08-27T10:48:53+00:00\",\"dateModified\":\"2025-03-17T14:14:36+00:00\",\"description\":\"Sport Horses from Haras de la Losquette, with focus on breeding modern sport horses using a combination of selected European bloodlines. \u00a0\",\"breadcrumb\":{\"@id\":\"https:\/\/harasdelalosquette.com\/#breadcrumb\"},\"inLanguage\":\"fr-FR\",\"potentialAction\":[{\"@type\":\"ReadAction\",\"target\":[\"https:\/\/harasdelalosquette.com\/\"]}]},{\"@type\":\"BreadcrumbList\",\"@id\":\"https:\/\/harasdelalosquette.com\/#breadcrumb\",\"itemListElement\":[{\"@type\":\"ListItem\",\"position\":1,\"name\":\"Home\",\"item\":\"https:\/\/harasdelalosquette.com\/\"},{\"@type\":\"ListItem\",\"position\":2,\"name\":\"Home\"}]},{\"@type\":\"WebSite\",\"@id\":\"https:\/\/harasdelalosquette.com\/#website\",\"url\":\"https:\/\/harasdelalosquette.com\/\",\"name\":\"Haras De La Losquette\",\"description\":\"\",\"publisher\":{\"@id\":\"https:\/\/harasdelalosquette.com\/#organization\"},\"potentialAction\":[{\"@type\":\"SearchAction\",\"target\":{\"@type\":\"EntryPoint\",\"urlTemplate\":\"https:\/\/harasdelalosquette.com\/?s={search_term_string}\"},\"query-input\":{\"@type\":\"PropertyValueSpecification\",\"valueRequired\":true,\"valueName\":\"search_term_string\"}}],\"inLanguage\":\"fr-FR\"},{\"@type\":\"Organization\",\"@id\":\"https:\/\/harasdelalosquette.com\/#organization\",\"name\":\"Haras De La Losquette\",\"url\":\"https:\/\/harasdelalosquette.com\/\",\"logo\":{\"@type\":\"ImageObject\",\"inLanguage\":\"fr-FR\",\"@id\":\"https:\/\/harasdelalosquette.com\/#\/schema\/logo\/image\/\",\"url\":\"https:\/\/harasdelalosquette.com\/wp-content\/uploads\/2024\/08\/HDLL-GOLD-TRANSPARENT-e1724756556318.png\",\"contentUrl\":\"https:\/\/harasdelalosquette.com\/wp-content\/uploads\/2024\/08\/HDLL-GOLD-TRANSPARENT-e1724756556318.png\",\"width\":849,\"height\":849,\"caption\":\"Haras De La Losquette\"},\"image\":{\"@id\":\"https:\/\/harasdelalosquette.com\/#\/schema\/logo\/image\/\"}}]}<\/script>\n<!-- \/ Yoast SEO plugin. -->","yoast_head_json":{"title":"Home: Haras De La Losquette - Sport Horses","description":"Sport Horses from Haras de la Losquette, with focus on breeding modern sport horses using a combination of selected European bloodlines. \u00a0","robots":{"index":"index","follow":"follow","max-snippet":"max-snippet:-1","max-image-preview":"max-image-preview:large","max-video-preview":"max-video-preview:-1"},"canonical":"https:\/\/harasdelalosquette.com\/fr\/","og_locale":"fr_FR","og_type":"article","og_title":"Home: Haras De La Losquette - Sport Horses","og_description":"Sport Horses from Haras de la Losquette, with focus on breeding modern sport horses using a combination of selected European bloodlines. \u00a0","og_url":"https:\/\/harasdelalosquette.com\/fr\/","og_site_name":"Haras De La Losquette","article_modified_time":"2025-03-17T14:14:36+00:00","twitter_card":"summary_large_image","twitter_misc":{"Dur\u00e9e de lecture estim\u00e9e":"2 minutes"},"schema":{"@context":"https:\/\/schema.org","@graph":[{"@type":"WebPage","@id":"https:\/\/harasdelalosquette.com\/","url":"https:\/\/harasdelalosquette.com\/","name":"Home: Haras De La Losquette - Sport Horses","isPartOf":{"@id":"https:\/\/harasdelalosquette.com\/#website"},"datePublished":"2024-08-27T10:48:53+00:00","dateModified":"2025-03-17T14:14:36+00:00","description":"Sport Horses from Haras de la Losquette, with focus on breeding modern sport horses using a combination of selected European bloodlines. \u00a0","breadcrumb":{"@id":"https:\/\/harasdelalosquette.com\/#breadcrumb"},"inLanguage":"fr-FR","potentialAction":[{"@type":"ReadAction","target":["https:\/\/harasdelalosquette.com\/"]}]},{"@type":"BreadcrumbList","@id":"https:\/\/harasdelalosquette.com\/#breadcrumb","itemListElement":[{"@type":"ListItem","position":1,"name":"Home","item":"https:\/\/harasdelalosquette.com\/"},{"@type":"ListItem","position":2,"name":"Home"}]},{"@type":"WebSite","@id":"https:\/\/harasdelalosquette.com\/#website","url":"https:\/\/harasdelalosquette.com\/","name":"Haras De La Losquette","description":"","publisher":{"@id":"https:\/\/harasdelalosquette.com\/#organization"},"potentialAction":[{"@type":"SearchAction","target":{"@type":"EntryPoint","urlTemplate":"https:\/\/harasdelalosquette.com\/?s={search_term_string}"},"query-input":{"@type":"PropertyValueSpecification","valueRequired":true,"valueName":"search_term_string"}}],"inLanguage":"fr-FR"},{"@type":"Organization","@id":"https:\/\/harasdelalosquette.com\/#organization","name":"Haras De La Losquette","url":"https:\/\/harasdelalosquette.com\/","logo":{"@type":"ImageObject","inLanguage":"fr-FR","@id":"https:\/\/harasdelalosquette.com\/#\/schema\/logo\/image\/","url":"https:\/\/harasdelalosquette.com\/wp-content\/uploads\/2024\/08\/HDLL-GOLD-TRANSPARENT-e1724756556318.png","contentUrl":"https:\/\/harasdelalosquette.com\/wp-content\/uploads\/2024\/08\/HDLL-GOLD-TRANSPARENT-e1724756556318.png","width":849,"height":849,"caption":"Haras De La Losquette"},"image":{"@id":"https:\/\/harasdelalosquette.com\/#\/schema\/logo\/image\/"}}]}},"taxonomy_info":[],"featured_image_src_large":false,"author_info":{"display_name":"admin","author_link":"https:\/\/harasdelalosquette.com\/fr\/author\/admin_71rwcvpw\/"},"comment_info":0,"_links":{"self":[{"href":"https:\/\/harasdelalosquette.com\/fr\/wp-json\/wp\/v2\/pages\/34","targetHints":{"allow":["GET"]}}],"collection":[{"href":"https:\/\/harasdelalosquette.com\/fr\/wp-json\/wp\/v2\/pages"}],"about":[{"href":"https:\/\/harasdelalosquette.com\/fr\/wp-json\/wp\/v2\/types\/page"}],"author":[{"embeddable":true,"href":"https:\/\/harasdelalosquette.com\/fr\/wp-json\/wp\/v2\/users\/1"}],"replies":[{"embeddable":true,"href":"https:\/\/harasdelalosquette.com\/fr\/wp-json\/wp\/v2\/comments?post=34"}],"version-history":[{"count":63,"href":"https:\/\/harasdelalosquette.com\/fr\/wp-json\/wp\/v2\/pages\/34\/revisions"}],"predecessor-version":[{"id":719,"href":"https:\/\/harasdelalosquette.com\/fr\/wp-json\/wp\/v2\/pages\/34\/revisions\/719"}],"wp:attachment":[{"href":"https:\/\/harasdelalosquette.com\/fr\/wp-json\/wp\/v2\/media?parent=34"}],"curies":[{"name":"wp","href":"https:\/\/api.w.org\/{rel}","templated":true}]}}