{"id":42,"date":"2024-08-27T10:49:53","date_gmt":"2024-08-27T10:49:53","guid":{"rendered":"https:\/\/harasdelalosquette.bndhost.co.uk\/?page_id=42"},"modified":"2024-09-26T06:59:42","modified_gmt":"2024-09-26T06:59:42","slug":"references","status":"publish","type":"page","link":"https:\/\/harasdelalosquette.com\/fr\/references\/","title":{"rendered":"References"},"content":{"rendered":"<div class=\"kb-row-layout-wrap kb-row-layout-id42_b57d23-a9 alignnone wp-block-kadence-rowlayout\"><div class=\"kt-row-column-wrap kt-has-1-columns kt-row-layout-equal kt-tab-layout-inherit kt-mobile-layout-row kt-row-valign-top kb-theme-content-width\">\n\n<div class=\"wp-block-kadence-column kadence-column42_0db750-05\"><div class=\"kt-inside-inner-col\"><div class=\"references-grid\"><div class=\"reference-horse\"><div class=\"thumbnail-wrapper\"><div class=\"horse-featured-image\"><img decoding=\"async\" width=\"1440\" height=\"1800\" data-src=\"https:\/\/harasdelalosquette.com\/wp-content\/uploads\/2024\/09\/Aconite-1.jpg\" class=\"attachment-full size-full wp-post-image lazyload\" alt=\"\" data-srcset=\"https:\/\/harasdelalosquette.com\/wp-content\/uploads\/2024\/09\/Aconite-1.jpg 1440w, https:\/\/harasdelalosquette.com\/wp-content\/uploads\/2024\/09\/Aconite-1-240x300.jpg 240w, https:\/\/harasdelalosquette.com\/wp-content\/uploads\/2024\/09\/Aconite-1-819x1024.jpg 819w, https:\/\/harasdelalosquette.com\/wp-content\/uploads\/2024\/09\/Aconite-1-768x960.jpg 768w, https:\/\/harasdelalosquette.com\/wp-content\/uploads\/2024\/09\/Aconite-1-1229x1536.jpg 1229w\" data-sizes=\"(max-width: 1440px) 100vw, 1440px\" src=\"data:image\/gif;base64,R0lGODlhAQABAAAAACH5BAEKAAEALAAAAAABAAEAAAICTAEAOw==\" style=\"--smush-placeholder-width: 1440px; --smush-placeholder-aspect-ratio: 1440\/1800;\" \/><\/div><h2 class=\"horse-name\">Aconite<\/h2><\/div><div class=\"horse-details ref-horse-details\"><p>Vendu \u00e0 l'\u00e2ge de 6 ans \u00e0 une cavaliere amateur de concours complet, elle a concouru avec succ\u00e8s au niveau BE100 au Royaume-Uni<\/p><\/div><\/div><div class=\"reference-horse\"><div class=\"thumbnail-wrapper\"><div class=\"horse-featured-image\"><img decoding=\"async\" width=\"2560\" height=\"1913\" data-src=\"https:\/\/harasdelalosquette.com\/wp-content\/uploads\/2024\/09\/Azurite-scaled.jpg\" class=\"attachment-full size-full wp-post-image lazyload\" alt=\"\" data-srcset=\"https:\/\/harasdelalosquette.com\/wp-content\/uploads\/2024\/09\/Azurite-scaled.jpg 2560w, https:\/\/harasdelalosquette.com\/wp-content\/uploads\/2024\/09\/Azurite-300x224.jpg 300w, https:\/\/harasdelalosquette.com\/wp-content\/uploads\/2024\/09\/Azurite-1024x765.jpg 1024w, https:\/\/harasdelalosquette.com\/wp-content\/uploads\/2024\/09\/Azurite-768x574.jpg 768w, https:\/\/harasdelalosquette.com\/wp-content\/uploads\/2024\/09\/Azurite-1536x1148.jpg 1536w, https:\/\/harasdelalosquette.com\/wp-content\/uploads\/2024\/09\/Azurite-2048x1530.jpg 2048w\" data-sizes=\"(max-width: 2560px) 100vw, 2560px\" src=\"data:image\/gif;base64,R0lGODlhAQABAAAAACH5BAEKAAEALAAAAAABAAEAAAICTAEAOw==\" style=\"--smush-placeholder-width: 2560px; --smush-placeholder-aspect-ratio: 2560\/1913;\" \/><\/div><h2 class=\"horse-name\">Azurite<\/h2><\/div><div class=\"horse-details ref-horse-details\"><p>Vendu \u00e0 5 ans \u00e0 une cavaliere junior de concours complet, elle a particip\u00e9e avec succ\u00e8s au programme britannique de concours complet pour jeunes et aux championnats NSEA au Royaume-Uni.<\/p><\/div><\/div><div class=\"reference-horse\"><div class=\"thumbnail-wrapper\"><div class=\"horse-featured-image\"><img decoding=\"async\" width=\"1171\" height=\"815\" data-src=\"https:\/\/harasdelalosquette.com\/wp-content\/uploads\/2025\/02\/earl-grey-image-1-.png\" class=\"attachment-full size-full wp-post-image lazyload\" alt=\"\" data-srcset=\"https:\/\/harasdelalosquette.com\/wp-content\/uploads\/2025\/02\/earl-grey-image-1-.png 1171w, https:\/\/harasdelalosquette.com\/wp-content\/uploads\/2025\/02\/earl-grey-image-1--300x209.png 300w, https:\/\/harasdelalosquette.com\/wp-content\/uploads\/2025\/02\/earl-grey-image-1--1024x713.png 1024w, https:\/\/harasdelalosquette.com\/wp-content\/uploads\/2025\/02\/earl-grey-image-1--768x535.png 768w, https:\/\/harasdelalosquette.com\/wp-content\/uploads\/2025\/02\/earl-grey-image-1--18x12.png 18w\" data-sizes=\"(max-width: 1171px) 100vw, 1171px\" src=\"data:image\/gif;base64,R0lGODlhAQABAAAAACH5BAEKAAEALAAAAAABAAEAAAICTAEAOw==\" style=\"--smush-placeholder-width: 1171px; --smush-placeholder-aspect-ratio: 1171\/815;\" \/><\/div><h2 class=\"horse-name\">Earl Grey<\/h2><\/div><div class=\"horse-details ref-horse-details\"><p>\u00c9lev\u00e9 par Atte de Jong, a concouru \u00e0 1,40 en Su\u00e8de<\/p><\/div><\/div><div class=\"reference-horse\"><div class=\"thumbnail-wrapper\"><div class=\"horse-featured-image\"><img decoding=\"async\" width=\"1402\" height=\"1416\" data-src=\"https:\/\/harasdelalosquette.com\/wp-content\/uploads\/2024\/09\/elite-rivies-cheat.jpeg\" class=\"attachment-full size-full wp-post-image lazyload\" alt=\"\" data-srcset=\"https:\/\/harasdelalosquette.com\/wp-content\/uploads\/2024\/09\/elite-rivies-cheat.jpeg 1402w, https:\/\/harasdelalosquette.com\/wp-content\/uploads\/2024\/09\/elite-rivies-cheat-297x300.jpeg 297w, https:\/\/harasdelalosquette.com\/wp-content\/uploads\/2024\/09\/elite-rivies-cheat-1014x1024.jpeg 1014w, https:\/\/harasdelalosquette.com\/wp-content\/uploads\/2024\/09\/elite-rivies-cheat-150x150.jpeg 150w, https:\/\/harasdelalosquette.com\/wp-content\/uploads\/2024\/09\/elite-rivies-cheat-768x776.jpeg 768w\" data-sizes=\"(max-width: 1402px) 100vw, 1402px\" src=\"data:image\/gif;base64,R0lGODlhAQABAAAAACH5BAEKAAEALAAAAAABAAEAAAICTAEAOw==\" style=\"--smush-placeholder-width: 1402px; --smush-placeholder-aspect-ratio: 1402\/1416;\" \/><\/div><h2 class=\"horse-name\">Elite Rivies Cheat<\/h2><\/div><div class=\"horse-details ref-horse-details\"><p>Produit au niveau CCI3* et CSO 1.25, vendu \u00e0 un cavaliere junior n\u00e9erlandaise \u00e0 l'\u00e2ge de 9 ans avec qui il a connu du succ\u00e8s en concours complet et en CSO international<\/p><\/div><\/div><div class=\"reference-horse\"><div class=\"thumbnail-wrapper\"><div class=\"horse-featured-image\"><img decoding=\"async\" width=\"1200\" height=\"1200\" data-src=\"https:\/\/harasdelalosquette.com\/wp-content\/uploads\/2024\/09\/Pinks-1.jpg\" class=\"attachment-full size-full wp-post-image lazyload\" alt=\"\" data-srcset=\"https:\/\/harasdelalosquette.com\/wp-content\/uploads\/2024\/09\/Pinks-1.jpg 1200w, https:\/\/harasdelalosquette.com\/wp-content\/uploads\/2024\/09\/Pinks-1-300x300.jpg 300w, https:\/\/harasdelalosquette.com\/wp-content\/uploads\/2024\/09\/Pinks-1-1024x1024.jpg 1024w, https:\/\/harasdelalosquette.com\/wp-content\/uploads\/2024\/09\/Pinks-1-150x150.jpg 150w, https:\/\/harasdelalosquette.com\/wp-content\/uploads\/2024\/09\/Pinks-1-768x768.jpg 768w\" data-sizes=\"(max-width: 1200px) 100vw, 1200px\" src=\"data:image\/gif;base64,R0lGODlhAQABAAAAACH5BAEKAAEALAAAAAABAAEAAAICTAEAOw==\" style=\"--smush-placeholder-width: 1200px; --smush-placeholder-aspect-ratio: 1200\/1200;\" \/><\/div><h2 class=\"horse-name\">Master Furisto<\/h2><\/div><div class=\"horse-details ref-horse-details\"><p>Produit au niveau CCI3* et 1.30, vendu \u00e0 une cavali\u00e8re amateur au Royaume-Uni<\/p><\/div><\/div><\/div>\n<\/div><\/div>\n\n<\/div><\/div>","protected":false},"excerpt":{"rendered":"","protected":false},"author":1,"featured_media":0,"parent":0,"menu_order":0,"comment_status":"closed","ping_status":"closed","template":"","meta":{"_kad_blocks_custom_css":"","_kad_blocks_head_custom_js":"","_kad_blocks_body_custom_js":"","_kad_blocks_footer_custom_js":"","footnotes":""},"class_list":["post-42","page","type-page","status-publish","hentry"],"yoast_head":"<!-- This site is optimized with the Yoast SEO plugin v24.8.1 - https:\/\/yoast.com\/wordpress\/plugins\/seo\/ -->\n<title>References - Haras De La Losquette<\/title>\n<meta name=\"robots\" content=\"index, follow, max-snippet:-1, max-image-preview:large, max-video-preview:-1\" \/>\n<link rel=\"canonical\" href=\"https:\/\/harasdelalosquette.com\/fr\/references\/\" \/>\n<meta property=\"og:locale\" content=\"fr_FR\" \/>\n<meta property=\"og:type\" content=\"article\" \/>\n<meta property=\"og:title\" content=\"References - Haras De La Losquette\" \/>\n<meta property=\"og:url\" content=\"https:\/\/harasdelalosquette.com\/fr\/references\/\" \/>\n<meta property=\"og:site_name\" content=\"Haras De La Losquette\" \/>\n<meta property=\"article:modified_time\" content=\"2024-09-26T06:59:42+00:00\" \/>\n<meta name=\"twitter:card\" content=\"summary_large_image\" \/>\n<script type=\"application\/ld+json\" class=\"yoast-schema-graph\">{\"@context\":\"https:\/\/schema.org\",\"@graph\":[{\"@type\":\"WebPage\",\"@id\":\"https:\/\/harasdelalosquette.com\/references\/\",\"url\":\"https:\/\/harasdelalosquette.com\/references\/\",\"name\":\"References - Haras De La Losquette\",\"isPartOf\":{\"@id\":\"https:\/\/harasdelalosquette.com\/#website\"},\"datePublished\":\"2024-08-27T10:49:53+00:00\",\"dateModified\":\"2024-09-26T06:59:42+00:00\",\"breadcrumb\":{\"@id\":\"https:\/\/harasdelalosquette.com\/references\/#breadcrumb\"},\"inLanguage\":\"fr-FR\",\"potentialAction\":[{\"@type\":\"ReadAction\",\"target\":[\"https:\/\/harasdelalosquette.com\/references\/\"]}]},{\"@type\":\"BreadcrumbList\",\"@id\":\"https:\/\/harasdelalosquette.com\/references\/#breadcrumb\",\"itemListElement\":[{\"@type\":\"ListItem\",\"position\":1,\"name\":\"Home\",\"item\":\"https:\/\/harasdelalosquette.com\/\"},{\"@type\":\"ListItem\",\"position\":2,\"name\":\"References\"}]},{\"@type\":\"WebSite\",\"@id\":\"https:\/\/harasdelalosquette.com\/#website\",\"url\":\"https:\/\/harasdelalosquette.com\/\",\"name\":\"Haras De La Losquette\",\"description\":\"\",\"publisher\":{\"@id\":\"https:\/\/harasdelalosquette.com\/#organization\"},\"potentialAction\":[{\"@type\":\"SearchAction\",\"target\":{\"@type\":\"EntryPoint\",\"urlTemplate\":\"https:\/\/harasdelalosquette.com\/?s={search_term_string}\"},\"query-input\":{\"@type\":\"PropertyValueSpecification\",\"valueRequired\":true,\"valueName\":\"search_term_string\"}}],\"inLanguage\":\"fr-FR\"},{\"@type\":\"Organization\",\"@id\":\"https:\/\/harasdelalosquette.com\/#organization\",\"name\":\"Haras De La Losquette\",\"url\":\"https:\/\/harasdelalosquette.com\/\",\"logo\":{\"@type\":\"ImageObject\",\"inLanguage\":\"fr-FR\",\"@id\":\"https:\/\/harasdelalosquette.com\/#\/schema\/logo\/image\/\",\"url\":\"https:\/\/harasdelalosquette.com\/wp-content\/uploads\/2024\/08\/HDLL-GOLD-TRANSPARENT-e1724756556318.png\",\"contentUrl\":\"https:\/\/harasdelalosquette.com\/wp-content\/uploads\/2024\/08\/HDLL-GOLD-TRANSPARENT-e1724756556318.png\",\"width\":849,\"height\":849,\"caption\":\"Haras De La Losquette\"},\"image\":{\"@id\":\"https:\/\/harasdelalosquette.com\/#\/schema\/logo\/image\/\"}}]}<\/script>\n<!-- \/ Yoast SEO plugin. -->","yoast_head_json":{"title":"References - Haras De La Losquette","robots":{"index":"index","follow":"follow","max-snippet":"max-snippet:-1","max-image-preview":"max-image-preview:large","max-video-preview":"max-video-preview:-1"},"canonical":"https:\/\/harasdelalosquette.com\/fr\/references\/","og_locale":"fr_FR","og_type":"article","og_title":"References - Haras De La Losquette","og_url":"https:\/\/harasdelalosquette.com\/fr\/references\/","og_site_name":"Haras De La Losquette","article_modified_time":"2024-09-26T06:59:42+00:00","twitter_card":"summary_large_image","schema":{"@context":"https:\/\/schema.org","@graph":[{"@type":"WebPage","@id":"https:\/\/harasdelalosquette.com\/references\/","url":"https:\/\/harasdelalosquette.com\/references\/","name":"References - Haras De La Losquette","isPartOf":{"@id":"https:\/\/harasdelalosquette.com\/#website"},"datePublished":"2024-08-27T10:49:53+00:00","dateModified":"2024-09-26T06:59:42+00:00","breadcrumb":{"@id":"https:\/\/harasdelalosquette.com\/references\/#breadcrumb"},"inLanguage":"fr-FR","potentialAction":[{"@type":"ReadAction","target":["https:\/\/harasdelalosquette.com\/references\/"]}]},{"@type":"BreadcrumbList","@id":"https:\/\/harasdelalosquette.com\/references\/#breadcrumb","itemListElement":[{"@type":"ListItem","position":1,"name":"Home","item":"https:\/\/harasdelalosquette.com\/"},{"@type":"ListItem","position":2,"name":"References"}]},{"@type":"WebSite","@id":"https:\/\/harasdelalosquette.com\/#website","url":"https:\/\/harasdelalosquette.com\/","name":"Haras De La Losquette","description":"","publisher":{"@id":"https:\/\/harasdelalosquette.com\/#organization"},"potentialAction":[{"@type":"SearchAction","target":{"@type":"EntryPoint","urlTemplate":"https:\/\/harasdelalosquette.com\/?s={search_term_string}"},"query-input":{"@type":"PropertyValueSpecification","valueRequired":true,"valueName":"search_term_string"}}],"inLanguage":"fr-FR"},{"@type":"Organization","@id":"https:\/\/harasdelalosquette.com\/#organization","name":"Haras De La Losquette","url":"https:\/\/harasdelalosquette.com\/","logo":{"@type":"ImageObject","inLanguage":"fr-FR","@id":"https:\/\/harasdelalosquette.com\/#\/schema\/logo\/image\/","url":"https:\/\/harasdelalosquette.com\/wp-content\/uploads\/2024\/08\/HDLL-GOLD-TRANSPARENT-e1724756556318.png","contentUrl":"https:\/\/harasdelalosquette.com\/wp-content\/uploads\/2024\/08\/HDLL-GOLD-TRANSPARENT-e1724756556318.png","width":849,"height":849,"caption":"Haras De La Losquette"},"image":{"@id":"https:\/\/harasdelalosquette.com\/#\/schema\/logo\/image\/"}}]}},"taxonomy_info":[],"featured_image_src_large":false,"author_info":{"display_name":"admin","author_link":"https:\/\/harasdelalosquette.com\/fr\/author\/admin_71rwcvpw\/"},"comment_info":0,"_links":{"self":[{"href":"https:\/\/harasdelalosquette.com\/fr\/wp-json\/wp\/v2\/pages\/42","targetHints":{"allow":["GET"]}}],"collection":[{"href":"https:\/\/harasdelalosquette.com\/fr\/wp-json\/wp\/v2\/pages"}],"about":[{"href":"https:\/\/harasdelalosquette.com\/fr\/wp-json\/wp\/v2\/types\/page"}],"author":[{"embeddable":true,"href":"https:\/\/harasdelalosquette.com\/fr\/wp-json\/wp\/v2\/users\/1"}],"replies":[{"embeddable":true,"href":"https:\/\/harasdelalosquette.com\/fr\/wp-json\/wp\/v2\/comments?post=42"}],"version-history":[{"count":2,"href":"https:\/\/harasdelalosquette.com\/fr\/wp-json\/wp\/v2\/pages\/42\/revisions"}],"predecessor-version":[{"id":331,"href":"https:\/\/harasdelalosquette.com\/fr\/wp-json\/wp\/v2\/pages\/42\/revisions\/331"}],"wp:attachment":[{"href":"https:\/\/harasdelalosquette.com\/fr\/wp-json\/wp\/v2\/media?parent=42"}],"curies":[{"name":"wp","href":"https:\/\/api.w.org\/{rel}","templated":true}]}}